{"id":1275,"date":"2021-03-17T10:08:55","date_gmt":"2021-03-17T10:08:55","guid":{"rendered":"https:\/\/stage.startertemplatecloud.com\/e10\/?page_id=1275"},"modified":"2024-09-30T14:09:36","modified_gmt":"2024-09-30T12:09:36","slug":"about","status":"publish","type":"page","link":"http:\/\/kancelariaprawnarp.pl\/?page_id=1275","title":{"rendered":"O NAS"},"content":{"rendered":"<style>.kb-row-layout-wrap.wp-block-kadence-rowlayout.kb-row-layout-id1275_1019ea-cc{margin-top:0px;margin-bottom:0px;}.kb-row-layout-id1275_1019ea-cc > .kt-row-column-wrap{align-content:end;}:where(.kb-row-layout-id1275_1019ea-cc > .kt-row-column-wrap) > .wp-block-kadence-column{justify-content:end;}.kb-row-layout-id1275_1019ea-cc > .kt-row-column-wrap{column-gap:var(--global-kb-gap-none, 0rem );row-gap:var(--global-kb-gap-none, 0rem );max-width:1242px;margin-left:auto;margin-right:auto;padding-top:0px;padding-right:0px;padding-bottom:0px;padding-left:0px;min-height:400px;grid-template-columns:repeat(2, minmax(0, 1fr));}.kb-row-layout-id1275_1019ea-cc{background-color:#10151b;background-image:url('http:\/\/kancelariaprawnarp.pl\/wp-content\/uploads\/2021\/01\/pexels-josh-hild-4270292-2.jpg');background-size:cover;background-position:center center;background-attachment:scroll;background-repeat:no-repeat;}.kb-row-layout-id1275_1019ea-cc > .kt-row-layout-overlay{opacity:1;}@media all and (max-width: 1024px){.kb-row-layout-id1275_1019ea-cc > .kt-row-column-wrap{padding-right:100px;padding-left:100px;grid-template-columns:repeat(2, minmax(0, 1fr));}}@media all and (max-width: 767px){.kb-row-layout-id1275_1019ea-cc > .kt-row-column-wrap{padding-top:0px;padding-right:30px;padding-bottom:0px;padding-left:30px;grid-template-columns:minmax(0, 1fr);}.kb-row-layout-id1275_1019ea-cc > .kt-row-column-wrap > .wp-block-kadence-column:nth-child(1){order:2;}.kb-row-layout-id1275_1019ea-cc > .kt-row-column-wrap > .wp-block-kadence-column:nth-child(2){order:1;}.kb-row-layout-id1275_1019ea-cc > .kt-row-column-wrap > .wp-block-kadence-column:nth-child(3){order:12;}.kb-row-layout-id1275_1019ea-cc > .kt-row-column-wrap > .wp-block-kadence-column:nth-child(4){order:11;}.kb-row-layout-id1275_1019ea-cc > .kt-row-column-wrap > .wp-block-kadence-column:nth-child(5){order:22;}.kb-row-layout-id1275_1019ea-cc > .kt-row-column-wrap > .wp-block-kadence-column:nth-child(6){order:21;}.kb-row-layout-id1275_1019ea-cc > .kt-row-column-wrap > .wp-block-kadence-column:nth-child(7){order:32;}.kb-row-layout-id1275_1019ea-cc > .kt-row-column-wrap > .wp-block-kadence-column:nth-child(8){order:31;}}<\/style><div class=\"kb-row-layout-wrap kb-row-layout-id1275_1019ea-cc alignnone kt-row-has-bg wp-block-kadence-rowlayout\"><div class=\"kt-row-column-wrap kt-has-2-columns kt-row-layout-equal kt-tab-layout-equal kt-mobile-layout-row kt-row-valign-bottom\">\n<style>.kadence-column1275_c07783-98 > .kt-inside-inner-col{padding-top:0px;padding-right:0px;padding-bottom:0px;padding-left:30px;}.kadence-column1275_c07783-98 > .kt-inside-inner-col,.kadence-column1275_c07783-98 > .kt-inside-inner-col:before{border-top-left-radius:0px;border-top-right-radius:0px;border-bottom-right-radius:0px;border-bottom-left-radius:0px;}.kadence-column1275_c07783-98 > .kt-inside-inner-col{column-gap:var(--global-kb-gap-sm, 1rem);}.kadence-column1275_c07783-98 > .kt-inside-inner-col{flex-direction:column;}.kadence-column1275_c07783-98 > .kt-inside-inner-col > .aligncenter{width:100%;}.kadence-column1275_c07783-98 > .kt-inside-inner-col:before{opacity:0.3;}.kadence-column1275_c07783-98{position:relative;}@media all and (max-width: 1024px){.kadence-column1275_c07783-98 > .kt-inside-inner-col{flex-direction:column;}}@media all and (max-width: 767px){.kadence-column1275_c07783-98 > .kt-inside-inner-col{padding-top:0px;padding-right:0px;padding-bottom:0px;padding-left:0px;flex-direction:column;}}<\/style>\n<div class=\"wp-block-kadence-column kadence-column1275_c07783-98 inner-column-1\"><div class=\"kt-inside-inner-col\"><style>.wp-block-kadence-advancedheading.kt-adv-heading1275_7fcc9b-11, .wp-block-kadence-advancedheading.kt-adv-heading1275_7fcc9b-11[data-kb-block=\"kb-adv-heading1275_7fcc9b-11\"]{padding-bottom:20px;line-height:65px;font-style:normal;}.wp-block-kadence-advancedheading.kt-adv-heading1275_7fcc9b-11 mark.kt-highlight, .wp-block-kadence-advancedheading.kt-adv-heading1275_7fcc9b-11[data-kb-block=\"kb-adv-heading1275_7fcc9b-11\"] mark.kt-highlight{font-style:normal;color:#f76a0c;-webkit-box-decoration-break:clone;box-decoration-break:clone;padding-top:0px;padding-right:0px;padding-bottom:0px;padding-left:0px;}<\/style>\n<h1 class=\"kt-adv-heading1275_7fcc9b-11 wp-block-kadence-advancedheading has-theme-palette-9-color has-text-color\" data-kb-block=\"kb-adv-heading1275_7fcc9b-11\">O NAS<\/h1>\n<\/div><\/div>\n\n\n<style>.kadence-column1275_c7bf1a-fd > .kt-inside-inner-col,.kadence-column1275_c7bf1a-fd > .kt-inside-inner-col:before{border-top-left-radius:0px;border-top-right-radius:0px;border-bottom-right-radius:0px;border-bottom-left-radius:0px;}.kadence-column1275_c7bf1a-fd > .kt-inside-inner-col{column-gap:var(--global-kb-gap-sm, 1rem);}.kadence-column1275_c7bf1a-fd > .kt-inside-inner-col{flex-direction:column;}.kadence-column1275_c7bf1a-fd > .kt-inside-inner-col > .aligncenter{width:100%;}.kadence-column1275_c7bf1a-fd > .kt-inside-inner-col:before{opacity:0.3;}.kadence-column1275_c7bf1a-fd{position:relative;}@media all and (max-width: 1024px){.kadence-column1275_c7bf1a-fd > .kt-inside-inner-col{flex-direction:column;}}@media all and (max-width: 767px){.kadence-column1275_c7bf1a-fd > .kt-inside-inner-col{flex-direction:column;}}<\/style>\n<div class=\"wp-block-kadence-column kadence-column1275_c7bf1a-fd inner-column-2\"><div class=\"kt-inside-inner-col\"><\/div><\/div>\n\n<\/div><\/div>\n\n<style>.kb-row-layout-wrap.wp-block-kadence-rowlayout.kb-row-layout-id1275_dc4adb-b9{margin-top:0px;margin-bottom:0px;}.kb-row-layout-id1275_dc4adb-b9 > .kt-row-column-wrap{align-content:start;}:where(.kb-row-layout-id1275_dc4adb-b9 > .kt-row-column-wrap) > .wp-block-kadence-column{justify-content:start;}.kb-row-layout-id1275_dc4adb-b9 > .kt-row-column-wrap{column-gap:var(--global-kb-gap-none, 0rem );row-gap:var(--global-kb-gap-none, 0rem );padding-top:0px;padding-right:0px;padding-bottom:0px;padding-left:0px;grid-template-columns:minmax(0, 1fr);}.kb-row-layout-id1275_dc4adb-b9 > .kt-row-layout-overlay{opacity:0.50;background-image:url('http:\/\/kancelariaprawnarp.pl\/wp-content\/uploads\/2021\/01\/bg_01.png');background-size:auto;background-position:50% 50%;background-attachment:scroll;background-repeat:no-repeat;mix-blend-mode:multiply;}@media all and (max-width: 1024px){.kb-row-layout-id1275_dc4adb-b9 > .kt-row-column-wrap{padding-top:60px;padding-right:100px;padding-bottom:0px;padding-left:100px;grid-template-columns:minmax(0, 1fr);}}@media all and (max-width: 767px){.kb-row-layout-id1275_dc4adb-b9 > .kt-row-column-wrap{padding-right:20px;padding-left:20px;grid-template-columns:minmax(0, 1fr);}}<\/style><div class=\"kb-row-layout-wrap kb-row-layout-id1275_dc4adb-b9 aligncenter kt-row-has-bg wp-block-kadence-rowlayout\"><div class=\"kt-row-layout-overlay kt-row-overlay-normal\"><\/div><div class=\"kt-row-column-wrap kt-has-1-columns kt-row-layout-equal kt-tab-layout-inherit kt-mobile-layout-row kt-row-valign-top\">\n<style>.kadence-column1275_e84ea2-71 > .kt-inside-inner-col,.kadence-column1275_e84ea2-71 > .kt-inside-inner-col:before{border-top-left-radius:0px;border-top-right-radius:0px;border-bottom-right-radius:0px;border-bottom-left-radius:0px;}.kadence-column1275_e84ea2-71 > .kt-inside-inner-col{column-gap:var(--global-kb-gap-sm, 1rem);}.kadence-column1275_e84ea2-71 > .kt-inside-inner-col{flex-direction:column;}.kadence-column1275_e84ea2-71 > .kt-inside-inner-col > .aligncenter{width:100%;}.kadence-column1275_e84ea2-71 > .kt-inside-inner-col:before{opacity:0.3;}.kadence-column1275_e84ea2-71{position:relative;}@media all and (max-width: 1024px){.kadence-column1275_e84ea2-71 > .kt-inside-inner-col{flex-direction:column;}}@media all and (max-width: 767px){.kadence-column1275_e84ea2-71 > .kt-inside-inner-col{flex-direction:column;}}<\/style>\n<div class=\"wp-block-kadence-column kadence-column1275_e84ea2-71 inner-column-1\"><div class=\"kt-inside-inner-col\"><style>.kb-row-layout-wrap.wp-block-kadence-rowlayout.kb-row-layout-id1275_864a1e-b5{margin-top:0px;margin-bottom:90px;}.kb-row-layout-id1275_864a1e-b5 > .kt-row-column-wrap{align-content:start;}:where(.kb-row-layout-id1275_864a1e-b5 > .kt-row-column-wrap) > .wp-block-kadence-column{justify-content:start;}.kb-row-layout-id1275_864a1e-b5 > .kt-row-column-wrap{column-gap:var(--global-kb-gap-none, 0rem );row-gap:var(--global-kb-gap-none, 0rem );max-width:1242px;margin-left:auto;margin-right:auto;padding-top:103px;padding-right:0px;padding-bottom:0px;padding-left:0px;grid-template-columns:repeat(2, minmax(0, 1fr));}.kb-row-layout-id1275_864a1e-b5 > .kt-row-layout-overlay{opacity:0.30;}@media all and (max-width: 1024px){.kb-row-layout-wrap.wp-block-kadence-rowlayout.kb-row-layout-id1275_864a1e-b5{margin-top:20px;margin-bottom:1px;}}@media all and (max-width: 1024px){.kb-row-layout-id1275_864a1e-b5 > .kt-row-column-wrap{grid-template-columns:repeat(2, minmax(0, 1fr));}}@media all and (max-width: 767px){.kb-row-layout-wrap.wp-block-kadence-rowlayout.kb-row-layout-id1275_864a1e-b5{margin-top:40px;margin-bottom:0px;}.kb-row-layout-id1275_864a1e-b5 > .kt-row-column-wrap{grid-template-columns:minmax(0, 1fr);}}<\/style><div class=\"kb-row-layout-wrap kb-row-layout-id1275_864a1e-b5 alignnone wp-block-kadence-rowlayout\"><div class=\"kt-row-column-wrap kt-has-2-columns kt-row-layout-equal kt-tab-layout-inherit kt-mobile-layout-row kt-row-valign-top\">\n<style>.kadence-column1275_102d92-1d > .kt-inside-inner-col{padding-top:60px;padding-right:60px;padding-bottom:60px;padding-left:60px;}.kadence-column1275_102d92-1d > .kt-inside-inner-col,.kadence-column1275_102d92-1d > .kt-inside-inner-col:before{border-top-left-radius:0px;border-top-right-radius:0px;border-bottom-right-radius:0px;border-bottom-left-radius:0px;}.kadence-column1275_102d92-1d > .kt-inside-inner-col{column-gap:var(--global-kb-gap-sm, 1rem);}.kadence-column1275_102d92-1d > .kt-inside-inner-col{flex-direction:column;}.kadence-column1275_102d92-1d > .kt-inside-inner-col > .aligncenter{width:100%;}.kadence-column1275_102d92-1d > .kt-inside-inner-col:before{opacity:0.3;}.kadence-column1275_102d92-1d{position:relative;}@media all and (max-width: 1024px){.kadence-column1275_102d92-1d > .kt-inside-inner-col{padding-top:30px;padding-right:30px;padding-bottom:30px;padding-left:30px;flex-direction:column;}}@media all and (max-width: 767px){.kadence-column1275_102d92-1d > .kt-inside-inner-col{padding-top:0px;padding-right:0px;padding-bottom:0px;padding-left:0px;flex-direction:column;}}<\/style>\n<div class=\"wp-block-kadence-column kadence-column1275_102d92-1d inner-column-1\"><div class=\"kt-inside-inner-col\">\n<p><\/p>\n\n\n\n<p>Kancelaria Radcy Prawnego Andrzej Jarz\u0105bski, zajmuje si\u0119 obs\u0142ug\u0105 prawn\u0105 podmiot\u00f3w gospodarczych jak i os\u00f3b fizycznych w zakresie prawa cywilnego, prawa karnego, prawa gospodarczego w tym prawa budowlanego, rolnego oraz zwi\u0105zanych z nim proces\u00f3w inwestycyjnych oraz obrotem nieruchomo\u015bciami.<\/p>\n\n\n\n<p>W szczeg\u00f3lno\u015bci dbamy o zabezpieczenie interesu prawnego klienta w trakcie prowadzenia ka\u017cdej dzia\u0142alno\u015bci gospodarczej. Naszym celem jest skuteczne i rzetelne wsparcie zar\u00f3wno przedsi\u0119biorc\u00f3w jaki i os\u00f3b indywidualnych, w pokonaniu \u201emeandr\u00f3w prawnych\u201d napotkanych na swojej drodze.<\/p>\n\n\n\n<p>Nasz zesp\u00f3\u0142 sk\u0142ada si\u0119 z prawnik\u00f3w, kt\u00f3rzy wiedz\u0119 i umiej\u0119tno\u015bci zdobywali w kancelariach prawnych, jednostkach medycznych oraz instytucjach publicznych, wykazuj\u0105 si\u0119 szczeg\u00f3ln\u0105 pieczo\u0142owito\u015bci\u0105 w realizowaniu powierzonych zada\u0144, tak aby sowim do\u015bwiadczeniem i wiedz\u0105 zapewni\u0107 jak najlepsz\u0105 obs\u0142ug\u0119 prawn\u0105 naszym klientom.<\/p>\n<\/div><\/div>\n\n\n<style>.kadence-column1275_c4463b-bf > .kt-inside-inner-col{padding-top:10px;padding-right:10px;padding-bottom:10px;padding-left:10px;}.kadence-column1275_c4463b-bf > .kt-inside-inner-col{border-top:1px solid var(--global-palette1, #3182CE);border-right:1px solid var(--global-palette1, #3182CE);border-bottom:1px solid var(--global-palette1, #3182CE);border-left:1px solid var(--global-palette1, #3182CE);}.kadence-column1275_c4463b-bf > .kt-inside-inner-col,.kadence-column1275_c4463b-bf > .kt-inside-inner-col:before{border-top-left-radius:0px;border-top-right-radius:0px;border-bottom-right-radius:0px;border-bottom-left-radius:0px;}.kadence-column1275_c4463b-bf > .kt-inside-inner-col{column-gap:var(--global-kb-gap-sm, 1rem);}.kadence-column1275_c4463b-bf > .kt-inside-inner-col{flex-direction:column;}.kadence-column1275_c4463b-bf > .kt-inside-inner-col > .aligncenter{width:100%;}.kadence-column1275_c4463b-bf > .kt-inside-inner-col:before{opacity:0.3;}.kadence-column1275_c4463b-bf{position:relative;}@media all and (max-width: 1024px){.kadence-column1275_c4463b-bf > .kt-inside-inner-col{border-top:1px solid var(--global-palette1, #3182CE);border-right:1px solid var(--global-palette1, #3182CE);border-bottom:1px solid var(--global-palette1, #3182CE);border-left:1px solid var(--global-palette1, #3182CE);flex-direction:column;}}@media all and (max-width: 767px){.kadence-column1275_c4463b-bf > .kt-inside-inner-col{border-top:1px solid var(--global-palette1, #3182CE);border-right:1px solid var(--global-palette1, #3182CE);border-bottom:1px solid var(--global-palette1, #3182CE);border-left:1px solid var(--global-palette1, #3182CE);flex-direction:column;}}<\/style>\n<div class=\"wp-block-kadence-column kadence-column1275_c4463b-bf inner-column-2\"><div class=\"kt-inside-inner-col\"><style>.wp-block-kadence-advancedgallery.kb-gallery-wrap-id-1275_33bf1c-61{margin-top:0px;margin-right:0px;margin-bottom:20px;margin-left:0px;}.wp-block-kadence-advancedgallery .kb-gallery-type-grid.kb-gallery-id-1275_33bf1c-61{margin:-82px;}.kb-gallery-type-grid.kb-gallery-id-1275_33bf1c-61 .kadence-blocks-gallery-item{padding:82px;}.kb-gallery-id-1275_33bf1c-61 .kadence-blocks-gallery-item .kb-gal-image-radius, .kb-gallery-id-1275_33bf1c-61 .kb-slide-item .kb-gal-image-radius img{border-radius:3px 3px 3px 3px;;}@media all and (max-width: 1024px){.wp-block-kadence-advancedgallery.kb-gallery-wrap-id-1275_33bf1c-61{margin-top:30px;margin-right:0px;margin-bottom:0px;margin-left:0px;}}@media all and (max-width: 767px){.wp-block-kadence-advancedgallery.kb-gallery-wrap-id-1275_33bf1c-61{margin-top:30px;margin-right:0px;margin-bottom:0px;margin-left:0px;}}<\/style><div class=\"kb-gallery-wrap-id-1275_33bf1c-61 alignnone wp-block-kadence-advancedgallery\"><ul class=\"kb-gallery-ul kb-gallery-non-static kb-gallery-type-grid kb-gallery-id-1275_33bf1c-61 kb-gallery-caption-style-bottom-hover kb-gallery-filter-none\" data-image-filter=\"none\" data-item-selector=\".kadence-blocks-gallery-item\" data-lightbox-caption=\"true\" data-columns-xxl=\"1\" data-columns-xl=\"1\" data-columns-md=\"1\" data-columns-sm=\"1\" data-columns-xs=\"1\" data-columns-ss=\"1\"><li class=\"kadence-blocks-gallery-item\"><div class=\"kadence-blocks-gallery-item-inner\"><figure class=\"kb-gallery-figure kadence-blocks-gallery-item-hide-caption\" \"><div class=\"kb-gal-image-radius\" style=\"max-width:1365px;\"><div class=\"kb-gallery-image-contain kadence-blocks-gallery-intrinsic kb-gallery-image-ratio-inherit kb-has-image-ratio-inherit\" style=\"padding-bottom:150%;\"><img loading=\"lazy\" decoding=\"async\" src=\"http:\/\/kancelariaprawnarp.pl\/wp-content\/uploads\/2024\/09\/FB-.jpg\" width=\"1365\" height=\"2048\" alt=\"\" data-full-image=\"http:\/\/kancelariaprawnarp.pl\/wp-content\/uploads\/2024\/09\/FB-.jpg\" data-light-image=\"http:\/\/kancelariaprawnarp.pl\/wp-content\/uploads\/2024\/09\/FB-.jpg\" data-id=\"1464\" class=\"wp-image-1464\" srcset=\"http:\/\/kancelariaprawnarp.pl\/wp-content\/uploads\/2024\/09\/FB-.jpg 1365w, http:\/\/kancelariaprawnarp.pl\/wp-content\/uploads\/2024\/09\/FB--200x300.jpg 200w, http:\/\/kancelariaprawnarp.pl\/wp-content\/uploads\/2024\/09\/FB--683x1024.jpg 683w, http:\/\/kancelariaprawnarp.pl\/wp-content\/uploads\/2024\/09\/FB--768x1152.jpg 768w, http:\/\/kancelariaprawnarp.pl\/wp-content\/uploads\/2024\/09\/FB--1024x1536.jpg 1024w\" sizes=\"auto, (max-width: 1365px) 100vw, 1365px\" \/><\/div><\/div><\/figure><\/div><\/li><\/ul><\/div><\/div><\/div>\n\n<\/div><\/div>\n\n<style>.kb-row-layout-wrap.wp-block-kadence-rowlayout.kb-row-layout-id1275_9aa1a8-2e{margin-top:0px;margin-bottom:0px;}.kb-row-layout-id1275_9aa1a8-2e > .kt-row-column-wrap{align-content:start;}:where(.kb-row-layout-id1275_9aa1a8-2e > .kt-row-column-wrap) > .wp-block-kadence-column{justify-content:start;}.kb-row-layout-id1275_9aa1a8-2e > .kt-row-column-wrap{column-gap:var(--global-kb-gap-none, 0rem );row-gap:var(--global-kb-gap-none, 0rem );max-width:1242px;margin-left:auto;margin-right:auto;padding-top:0px;padding-right:0px;padding-bottom:0px;padding-left:0px;grid-template-columns:minmax(0, 1fr);}.kb-row-layout-id1275_9aa1a8-2e > .kt-row-layout-overlay{opacity:0.30;}@media all and (max-width: 1024px){.kb-row-layout-id1275_9aa1a8-2e > .kt-row-column-wrap{grid-template-columns:minmax(0, 1fr);}}@media all and (max-width: 767px){.kb-row-layout-id1275_9aa1a8-2e > .kt-row-column-wrap{grid-template-columns:minmax(0, 1fr);}}<\/style><div class=\"kb-row-layout-wrap kb-row-layout-id1275_9aa1a8-2e alignnone wp-block-kadence-rowlayout\"><div class=\"kt-row-column-wrap kt-has-1-columns kt-row-layout-equal kt-tab-layout-inherit kt-mobile-layout-row kt-row-valign-top\">\n<style>.kadence-column1275_f0cb5b-5d > .kt-inside-inner-col,.kadence-column1275_f0cb5b-5d > .kt-inside-inner-col:before{border-top-left-radius:0px;border-top-right-radius:0px;border-bottom-right-radius:0px;border-bottom-left-radius:0px;}.kadence-column1275_f0cb5b-5d > .kt-inside-inner-col{column-gap:var(--global-kb-gap-sm, 1rem);}.kadence-column1275_f0cb5b-5d > .kt-inside-inner-col{flex-direction:column;}.kadence-column1275_f0cb5b-5d > .kt-inside-inner-col > .aligncenter{width:100%;}.kadence-column1275_f0cb5b-5d > .kt-inside-inner-col:before{opacity:0.3;}.kadence-column1275_f0cb5b-5d{position:relative;}@media all and (max-width: 1024px){.kadence-column1275_f0cb5b-5d > .kt-inside-inner-col{flex-direction:column;}}@media all and (max-width: 767px){.kadence-column1275_f0cb5b-5d > .kt-inside-inner-col{flex-direction:column;}}<\/style>\n<div class=\"wp-block-kadence-column kadence-column1275_f0cb5b-5d\"><div class=\"kt-inside-inner-col\"><\/div><\/div>\n\n<\/div><\/div><\/div><\/div>\n\n<\/div><\/div>\n\n\n<p><\/p>\n","protected":false},"excerpt":{"rendered":"<p>O NAS Kancelaria Radcy Prawnego Andrzej Jarz\u0105bski, zajmuje si\u0119 obs\u0142ug\u0105 prawn\u0105 podmiot\u00f3w gospodarczych jak i os\u00f3b fizycznych w zakresie prawa cywilnego, prawa karnego, prawa gospodarczego w tym prawa budowlanego, rolnego oraz zwi\u0105zanych z nim proces\u00f3w inwestycyjnych oraz obrotem nieruchomo\u015bciami. W szczeg\u00f3lno\u015bci dbamy o zabezpieczenie interesu prawnego klienta w trakcie prowadzenia ka\u017cdej dzia\u0142alno\u015bci gospodarczej. Naszym celem&#8230;<\/p>\n","protected":false},"author":1,"featured_media":951,"parent":0,"menu_order":4,"comment_status":"closed","ping_status":"closed","template":"","meta":{"_kadence_starter_templates_imported_post":true,"_kad_post_transparent":"","_kad_post_title":"hide","_kad_post_layout":"fullwidth","_kad_post_sidebar_id":"","_kad_post_content_style":"unboxed","_kad_post_vertical_padding":"hide","_kad_post_feature":"hide","_kad_post_feature_position":"","_kad_post_header":false,"_kad_post_footer":false,"footnotes":""},"class_list":["post-1275","page","type-page","status-publish","has-post-thumbnail","hentry"],"_links":{"self":[{"href":"http:\/\/kancelariaprawnarp.pl\/index.php?rest_route=\/wp\/v2\/pages\/1275","targetHints":{"allow":["GET"]}}],"collection":[{"href":"http:\/\/kancelariaprawnarp.pl\/index.php?rest_route=\/wp\/v2\/pages"}],"about":[{"href":"http:\/\/kancelariaprawnarp.pl\/index.php?rest_route=\/wp\/v2\/types\/page"}],"author":[{"embeddable":true,"href":"http:\/\/kancelariaprawnarp.pl\/index.php?rest_route=\/wp\/v2\/users\/1"}],"replies":[{"embeddable":true,"href":"http:\/\/kancelariaprawnarp.pl\/index.php?rest_route=%2Fwp%2Fv2%2Fcomments&post=1275"}],"version-history":[{"count":6,"href":"http:\/\/kancelariaprawnarp.pl\/index.php?rest_route=\/wp\/v2\/pages\/1275\/revisions"}],"predecessor-version":[{"id":1467,"href":"http:\/\/kancelariaprawnarp.pl\/index.php?rest_route=\/wp\/v2\/pages\/1275\/revisions\/1467"}],"wp:featuredmedia":[{"embeddable":true,"href":"http:\/\/kancelariaprawnarp.pl\/index.php?rest_route=\/wp\/v2\/media\/951"}],"wp:attachment":[{"href":"http:\/\/kancelariaprawnarp.pl\/index.php?rest_route=%2Fwp%2Fv2%2Fmedia&parent=1275"}],"curies":[{"name":"wp","href":"https:\/\/api.w.org\/{rel}","templated":true}]}}