{"id":1472,"date":"2024-09-30T14:13:50","date_gmt":"2024-09-30T12:13:50","guid":{"rendered":"http:\/\/kancelariaprawnarp.pl\/?page_id=1472"},"modified":"2024-10-14T04:39:25","modified_gmt":"2024-10-14T02:39:25","slug":"specjalizacje","status":"publish","type":"page","link":"http:\/\/kancelariaprawnarp.pl\/?page_id=1472","title":{"rendered":"SPECJALIZACJE"},"content":{"rendered":"\n<p><strong>Prawo cywilne<\/strong><\/p>\n\n\n\n<ul class=\"wp-block-list\">\n<li>obs\u0142uga prawna w zakresie przygotowania um\u00f3w cywilnych dotycz\u0105cy np. dostawy, najmu, kupna, sprzeda\u017cy, dzier\u017cawy oraz innych spraw;<\/li>\n\n\n\n<li>sporz\u0105dzamy opinie prawne w zakresie bie\u017c\u0105cej dzia\u0142alno\u015bci podmiotu gospodarczego;<\/li>\n\n\n\n<li>reprezentujemy klienta w procesach s\u0105dowych;<\/li>\n\n\n\n<li>uczestniczymy w negocjacjach warunk\u00f3w um\u00f3w;<\/li>\n\n\n\n<li>prowadzimy mediacje oraz wspieramy klienta w trakcie rozwi\u0105zaniu sporu na drodze arbitra\u017cu;<\/li>\n\n\n\n<li>powadzimy post\u0119powanie w sprawie wierzytelno\u015bci;<\/li>\n\n\n\n<li>reprezentujemy klienta w trakcie post\u0119powania egzekucyjnego;<\/li>\n<\/ul>\n\n\n\n<p><strong>Prawo budowlane w tym zwi\u0105zane z obrotem nieruchomo\u015bci<\/strong><\/p>\n\n\n\n<ul class=\"wp-block-list\">\n<li>obs\u0142uga prawna transakcji kupna i sprzeda\u017cy nieruchomo\u015bci;<\/li>\n\n\n\n<li>badanie stanu prawnego;<\/li>\n\n\n\n<li>obs\u0142uga prawn\u0105 transakcji najmu ka\u017cdego rodzaju nieruchomo\u015bci (biurowych, handlowych, przemys\u0142owych, hotelowych i rozrywkowych);<\/li>\n\n\n\n<li>umowy na roboty budowlane oraz negocjowania i realizacji kontrakt\u00f3w budowlanych;<\/li>\n\n\n\n<li>reprezentacj\u0119 w post\u0119powaniach administracyjnych i s\u0105dowo-administracyjnych dotycz\u0105cych procesu inwestycyjnego w tym zezwole\u0144 na realizacj\u0119 inwestycji, decyzji \u015brodowiskowych, decyzji o warunkach zabudowy, pozwole\u0144 na budow\u0119 decyzji wyw\u0142aszczeniowych itd.,<\/li>\n<\/ul>\n\n\n\n<p><strong>Prawo rolne<\/strong><\/p>\n\n\n\n<ul class=\"wp-block-list\">\n<li>pomoc w zakresie obrotu ziemi\u0105;<\/li>\n\n\n\n<li>obs\u0142uga prawn\u0105 transakcji dzier\u017cawy gruntu<\/li>\n\n\n\n<li>reprezentacja w post\u0119powaniach administracyjnych i s\u0105dowo-administracyjnych w tym przed Krajowym O\u015brodkiem Wsparcia Rolnictwa oraz Agencj\u0105 Restrukturyzacji i Modernizacji Rolnictwa dotycz\u0105cych procesu podzia\u0142u gruntu rolnego, decyzji o warunkach zabudowy<\/li>\n\n\n\n<li>przygotowania i opiniowania um\u00f3w najmu, dzier\u017cawy, w tym zwi\u0105zanych z farmami fotowoltaicznymi;<\/li>\n\n\n\n<li>zmiany przeznaczenia grunt\u00f3w na cele nierolne oraz wy\u0142\u0105czenia grunt\u00f3w z produkcji rolnej,<\/li>\n<\/ul>\n\n\n\n<p><strong>Prawo handlowe<\/strong><\/p>\n\n\n\n<ul class=\"wp-block-list\">\n<li>tworzenie i likwidacj\u0119 sp\u00f3\u0142ek prawa handlowego oraz stowarzysze\u0144;<\/li>\n\n\n\n<li>rejestracj\u0119 dzia\u0142alno\u015bci gospodarczej, przygotowywanie stosownych dokument\u00f3w niezb\u0119dnych w procedurze rejestracyjnej przedsi\u0119biorstwa, sporz\u0105dzanie um\u00f3w sp\u00f3\u0142ek,<\/li>\n\n\n\n<li>doradztwo w zakresie wyboru najkorzystniejszej formy prawnej dzia\u0142alno\u015bci gospodarczej,<\/li>\n\n\n\n<li>doradztwo dotycz\u0105ce bie\u017c\u0105cej dzia\u0142alno\u015bci sp\u00f3\u0142ek,<\/li>\n\n\n\n<li>\u0142\u0105czenie i przekszta\u0142canie sp\u00f3\u0142ek prawa handlowego wraz z przygotowaniem stosownych dokument\u00f3w i um\u00f3w w zakresie \u0142\u0105czenia, przekszta\u0142cania i przejmowania sp\u00f3\u0142ek,<\/li>\n\n\n\n<li>doradztwo prawne w zwi\u0105zku ze zmianami struktury w\u0142a\u015bcicielskiej sp\u00f3\u0142ek, w tym przygotowanie um\u00f3w nabycia (zbycia) oraz umorzenia udzia\u0142\u00f3w lub akcji,<\/li>\n\n\n\n<li>opracowywanie zabezpiecze\u0144 finansowych w tym por\u0119cze\u0144, gwarancji i weksli,<\/li>\n\n\n\n<li>obs\u0142ug\u0119 zgromadze\u0144 wsp\u00f3lnik\u00f3w i walnych zgromadze\u0144 akcjonariuszy,<br>\u201ebia\u0142y wywiad\u201d w zakresie sprawdzenia potencjalnych kontrahent\u00f3w;<\/li>\n<\/ul>\n\n\n\n<p><strong>Prawo karne<\/strong><\/p>\n\n\n\n<p>Reprezentujemy uczestnik\u00f3w post\u0119powania karnego na wszystkich etapach post\u0119powania zar\u00f3wno przygotowawczego jaki i s\u0105dowego.<br>Czyli je\u015bli wyst\u0119pujesz w post\u0119powaniu karnym w charakterze:<br>podejrzanego, oskar\u017conego, pokrzywdzonego, oskar\u017cyciela posi\u0142kowego oraz oskar\u017cyciela prywatnego to mo\u017cemy ci pom\u00f3c.<br>Zajmujemy si\u0119 w szczeg\u00f3lno\u015bci sprawami zwi\u0105zanymi z przest\u0119pstwami: komunikacyjnymi (np. prowadzenie pojazdu w stanie nietrze\u017awo\u015bci), przeciwko czci i nietykalno\u015bci cielesnej (np. znies\u0142awienie, pobicie), przeciwko mieniu (np. przyw\u0142aszczenie, oszustwo), gospodarczymi (np. oszustwo kredytowe, pokrzywdzenie wierzycieli).<\/p>\n\n\n\n<p><strong>Prawo transportowe<\/strong><\/p>\n\n\n\n<ul class=\"wp-block-list\">\n<li>doradztwo prawne w zakresie przewozu materia\u0142\u00f3w niebezpiecznych ADR, zgodnie z Umowa dotycz\u0105ca mi\u0119dzynarodowego przewozu drogowego towar\u00f3w niebezpiecznych (ADR), sporz\u0105dzona w Genewie 30 wrze\u015bnia 1957 r. zosta\u0142a ratyfikowana przez Polsk\u0119 w 1975 r. &#8211; wszystkie strony umowy zosta\u0142y wymienione na stronie internetowej Europejskiej Komisji Gospodarczej Organizacji Narod\u00f3w Zjednoczonych &#8211; https:\/\/adrdoradca.pl<br>https:\/\/www.tdt.gov.pl\/dzialalnosc\/przewoz-towarow-niebezpiecznych-2\/lista-doradcow-adr\/<\/li>\n\n\n\n<li>reprezentacja w post\u0119powaniach administracyjnych prowadzonych przez organy kontroli np. ITD., Policja<\/li>\n\n\n\n<li>obs\u0142uga prawna firm transportowych w zakresie przewoz\u00f3w mi\u0119dzynarodowych os\u00f3b i rzeczy.<\/li>\n<\/ul>\n\n\n\n<hr class=\"wp-block-separator has-alpha-channel-opacity\"\/>\n\n\n\n<p><strong>Mediacja<\/strong><br>Prowadzimy mediacj\u0119 jako pozas\u0105dowy spos\u00f3b rozwi\u0105zywania sporu pomi\u0119dzy stronami w sprawach cywilnych, gospodarczych, prawa budowlanego i nieruchomo\u015bci.<\/p>\n\n\n\n<p>W naszym zespole mediatorem jest r.pr. Andrzej Jarz\u0105bski, wpisany na list\u0119 sta\u0142ych mediator\u00f3w s\u0105dowych przy Sadzie Okr\u0119gowym w Bia\u0142ymstoku<br><a href=\"https:\/\/bialystok.so.gov.pl\/component\/attachments\/download\/1871.html\">https:\/\/bialystok.so.gov.pl\/component\/attachments\/download\/1871.html<\/a><\/p>\n\n\n\n<p>oraz list\u0119 Podlaskie Centrum Arbitra\u017cu i Mediacji przy Izbie Przemys\u0142owo-Handlowej w Bia\u0142ymstoku<\/p>\n\n\n\n<p><strong>Kilka s\u0142\u00f3w czym jest mediacja?<\/strong><br>Mediacja \u2013 metoda rozwi\u0105zywania spor\u00f3w, w kt\u00f3rej mediator osoba trzecia pomaga stronom we wzajemnej komunikacji, okre\u015bleniu interes\u00f3w i kwestii do dyskusji oraz doj\u015bciu do wsp\u00f3lnie akceptowalnego porozumienia. Proces ten ma charakter dobrowolny, poufny i nieformalny. Je\u015bli jego przebieg jest pomy\u015blny, ko\u0144czy si\u0119 porozumieniem\/ugod\u0105 os\u00f3b b\u0119d\u0105cych w sporze.<br>Mediator mo\u017ce natomiast opracowa\u0107 lub pom\u00f3c w opracowaniu projektu ugody, jaki b\u0119dzie czyni\u0142 zado\u015b\u0107 temu, co strony mi\u0119dzy sob\u0105 podczas post\u0119powania mediacyjnego uzgodni\u0142y.<br>W przypadku sporu na tle prawnym celem mediacji jest jego zako\u0144czenie, zw\u0142aszcza w postaci ugody zawartej przez strony w wyniku mediacji (ustalaj\u0105cej wysoko\u015b\u0107 zado\u015b\u0107uczynienia, odszkodowania lub nak\u0142adaj\u0105cej na strony inne obowi\u0105zki i zobowi\u0105zania prawne).<br>Mediacje r\u00f3\u017cni\u0105 si\u0119 od rozstrzygni\u0119\u0107 autorytatywnych (w tym s\u0105dowych) przede wszystkim tym, \u017ce ich celem nie jest ustalenie, kto ma racj\u0119, ale wypracowanie rozwi\u0105zania jakie zadowala obie strony sporu i na jakie w zwi\u0105zku z tym mog\u0105 one przysta\u0107 dobrowolnie.<br>Ugoda zawarta przez strony przed mediatorem wymaga zatwierdzenia przez s\u0105d, by mog\u0142a uzyska\u0107 moc prawn\u0105 ugody s\u0105dowej, tzn. by mog\u0142a wywo\u0142ywa\u0107 takie same skutki, jak w przypadku, gdyby strony zawar\u0142y ugod\u0119 przed s\u0105dem.<br>Niezb\u0119dne jest przy tym z\u0142o\u017cenie przez stron\u0119 wniosku o zatwierdzenie ugody, bowiem s\u0105d z urz\u0119du nie mo\u017ce zatwierdzi\u0107 ugody. Ani bowiem zawarcie ugody ani te\u017c z\u0142o\u017cenie przez mediatora protoko\u0142u w s\u0105dzie nie stanowi podstawy wszcz\u0119cia post\u0119powania o zatwierdzenie ugody.<br>Wniosek o zatwierdzenie ugody mo\u017ce z\u0142o\u017cy\u0107 ka\u017cda ze stron samodzielnie. Mo\u017cliwe jest tak\u017ce z\u0142o\u017cenie wsp\u00f3lnego wniosku przez pogodzone strony.<br>Je\u017celi ugoda podlega wykonaniu w drodze egzekucji, s\u0105d zatwierdza j\u0105 przez nadanie jej klauzuli wykonalno\u015bci. W pozosta\u0142ych przypadkach s\u0105d zatwierdza ugod\u0119 postanowieniem na posiedzeniu niejawnym<br>Mediacja jest zdecydowanie najta\u0144szym sposobem rozwi\u0105zania sporu.<\/p>\n","protected":false},"excerpt":{"rendered":"<p>Prawo cywilne Prawo budowlane w tym zwi\u0105zane z obrotem nieruchomo\u015bci Prawo rolne Prawo handlowe Prawo karne Reprezentujemy uczestnik\u00f3w post\u0119powania karnego na wszystkich etapach post\u0119powania zar\u00f3wno przygotowawczego jaki i s\u0105dowego.Czyli je\u015bli wyst\u0119pujesz w post\u0119powaniu karnym w charakterze:podejrzanego, oskar\u017conego, pokrzywdzonego, oskar\u017cyciela posi\u0142kowego oraz oskar\u017cyciela prywatnego to mo\u017cemy ci pom\u00f3c.Zajmujemy si\u0119 w szczeg\u00f3lno\u015bci sprawami zwi\u0105zanymi z przest\u0119pstwami: komunikacyjnymi&#8230;<\/p>\n","protected":false},"author":1,"featured_media":0,"parent":0,"menu_order":2,"comment_status":"closed","ping_status":"closed","template":"","meta":{"_kadence_starter_templates_imported_post":false,"_kad_post_transparent":"","_kad_post_title":"","_kad_post_layout":"","_kad_post_sidebar_id":"","_kad_post_content_style":"","_kad_post_vertical_padding":"","_kad_post_feature":"","_kad_post_feature_position":"","_kad_post_header":false,"_kad_post_footer":false,"footnotes":""},"class_list":["post-1472","page","type-page","status-publish","hentry"],"_links":{"self":[{"href":"http:\/\/kancelariaprawnarp.pl\/index.php?rest_route=\/wp\/v2\/pages\/1472","targetHints":{"allow":["GET"]}}],"collection":[{"href":"http:\/\/kancelariaprawnarp.pl\/index.php?rest_route=\/wp\/v2\/pages"}],"about":[{"href":"http:\/\/kancelariaprawnarp.pl\/index.php?rest_route=\/wp\/v2\/types\/page"}],"author":[{"embeddable":true,"href":"http:\/\/kancelariaprawnarp.pl\/index.php?rest_route=\/wp\/v2\/users\/1"}],"replies":[{"embeddable":true,"href":"http:\/\/kancelariaprawnarp.pl\/index.php?rest_route=%2Fwp%2Fv2%2Fcomments&post=1472"}],"version-history":[{"count":4,"href":"http:\/\/kancelariaprawnarp.pl\/index.php?rest_route=\/wp\/v2\/pages\/1472\/revisions"}],"predecessor-version":[{"id":1489,"href":"http:\/\/kancelariaprawnarp.pl\/index.php?rest_route=\/wp\/v2\/pages\/1472\/revisions\/1489"}],"wp:attachment":[{"href":"http:\/\/kancelariaprawnarp.pl\/index.php?rest_route=%2Fwp%2Fv2%2Fmedia&parent=1472"}],"curies":[{"name":"wp","href":"https:\/\/api.w.org\/{rel}","templated":true}]}}